{"id":104,"date":"2022-05-27T14:28:23","date_gmt":"2022-05-27T14:28:23","guid":{"rendered":"https:\/\/dimjon.net\/?page_id=104"},"modified":"2022-05-29T21:28:53","modified_gmt":"2022-05-29T21:28:53","slug":"hello-gypsy","status":"publish","type":"page","link":"https:\/\/dimjon.net\/?page_id=104","title":{"rendered":"Hello Gypsy"},"content":{"rendered":"\n<figure class=\"wp-block-image alignwide size-large\"><img loading=\"lazy\" decoding=\"async\" width=\"1024\" height=\"585\" src=\"https:\/\/dimjon.net\/wp-content\/uploads\/2022\/05\/HelloGyspy-1024x585.jpg\" alt=\"\" class=\"wp-image-105\" srcset=\"https:\/\/dimjon.net\/wp-content\/uploads\/2022\/05\/HelloGyspy-1024x585.jpg 1024w, https:\/\/dimjon.net\/wp-content\/uploads\/2022\/05\/HelloGyspy-300x172.jpg 300w, https:\/\/dimjon.net\/wp-content\/uploads\/2022\/05\/HelloGyspy-768x439.jpg 768w, https:\/\/dimjon.net\/wp-content\/uploads\/2022\/05\/HelloGyspy-825x472.jpg 825w, https:\/\/dimjon.net\/wp-content\/uploads\/2022\/05\/HelloGyspy-600x343.jpg 600w, https:\/\/dimjon.net\/wp-content\/uploads\/2022\/05\/HelloGyspy-400x229.jpg 400w, https:\/\/dimjon.net\/wp-content\/uploads\/2022\/05\/HelloGyspy.jpg 1200w\" sizes=\"auto, (max-width: 1024px) 100vw, 1024px\" \/><\/figure>\n\n\n\n<p>In stimmungsvollen halbakustischen Performances bieten die 4 Musiker Songs, Lieder und Chansons dar. Jazz, Swing, Soul, Rhythm &amp; Blues sowie Melodien der Stra\u00dfe auf Deutsch, Franz\u00f6sisch, Englisch und Spanisch geh\u00f6ren zu ihrem umfangreichen Repertoire.<\/p>\n\n\n\n<p>Kreuz und quer durch die Welt haben sich die frankophile Anja Morell und die drei Instrumentalisten ihre pers\u00f6nlichen Lieblingstitel erh\u00f6rt, erf\u00fchlt, erlebt und tragen diese nun auf Ihre einzigartige, charmante und romantische Weise vor. Sowohl neu arrangierte Klassiker als auch Eigenkompositionen und fast vergessene Juwelen finden den Weg zum Ohr des Publikums. Mit Schl\u00e4ue und feinem Humor durchsetzt, nehmen Hello Gypsy ihr Publikum mit in ihre musikalische Welt. <\/p>\n\n\n\n<figure class=\"wp-block-embed is-type-video is-provider-youtube wp-block-embed-youtube wp-embed-aspect-16-9 wp-has-aspect-ratio\"><div class=\"wp-block-embed__wrapper\">\n<iframe loading=\"lazy\" title=\"HELLO GYPSY DEMO REEL\" width=\"1230\" height=\"692\" src=\"https:\/\/www.youtube.com\/embed\/PrAnF1re_2s?feature=oembed\" frameborder=\"0\" allow=\"accelerometer; autoplay; clipboard-write; encrypted-media; gyroscope; picture-in-picture\" allowfullscreen><\/iframe>\n<\/div><\/figure>\n\n\n\n<div class=\"wp-block-columns is-layout-flex wp-container-core-columns-is-layout-9d6595d7 wp-block-columns-is-layout-flex\">\n<div class=\"wp-block-column is-layout-flow wp-block-column-is-layout-flow\">\n<div class=\"wp-block-media-text\" style=\"grid-template-columns:22% auto\"><figure class=\"wp-block-media-text__media\"><img loading=\"lazy\" decoding=\"async\" width=\"123\" height=\"116\" src=\"https:\/\/dimjon.net\/wp-content\/uploads\/2022\/05\/Dago-1.png\" alt=\"\" class=\"wp-image-143 size-full\"\/><\/figure><div class=\"wp-block-media-text__content\">\n<p class=\"has-medium-font-size\">Booking Contact: Dago<\/p>\n<\/div><\/div>\n<\/div>\n\n\n\n<div class=\"wp-block-column is-layout-flow wp-block-column-is-layout-flow\"><\/div>\n<\/div>\n","protected":false},"excerpt":{"rendered":"<p>In stimmungsvollen halbakustischen Performances bieten die 4 Musiker Songs, Lieder und Chansons dar. Jazz, Swing, Soul, Rhythm &amp; Blues sowie Melodien der Stra\u00dfe auf&hellip;<a href=\"https:\/\/dimjon.net\/?page_id=104\" class=\"more-link\"><span class=\"more-button\">more info<span class=\"screen-reader-text\">Hello Gypsy<\/span><\/span><\/a><\/p>\n","protected":false},"author":1,"featured_media":105,"parent":0,"menu_order":0,"comment_status":"closed","ping_status":"closed","template":"","meta":{"footnotes":""},"class_list":["post-104","page","type-page","status-publish","has-post-thumbnail","hentry"],"_links":{"self":[{"href":"https:\/\/dimjon.net\/index.php?rest_route=\/wp\/v2\/pages\/104","targetHints":{"allow":["GET"]}}],"collection":[{"href":"https:\/\/dimjon.net\/index.php?rest_route=\/wp\/v2\/pages"}],"about":[{"href":"https:\/\/dimjon.net\/index.php?rest_route=\/wp\/v2\/types\/page"}],"author":[{"embeddable":true,"href":"https:\/\/dimjon.net\/index.php?rest_route=\/wp\/v2\/users\/1"}],"replies":[{"embeddable":true,"href":"https:\/\/dimjon.net\/index.php?rest_route=%2Fwp%2Fv2%2Fcomments&post=104"}],"version-history":[{"count":4,"href":"https:\/\/dimjon.net\/index.php?rest_route=\/wp\/v2\/pages\/104\/revisions"}],"predecessor-version":[{"id":144,"href":"https:\/\/dimjon.net\/index.php?rest_route=\/wp\/v2\/pages\/104\/revisions\/144"}],"wp:featuredmedia":[{"embeddable":true,"href":"https:\/\/dimjon.net\/index.php?rest_route=\/wp\/v2\/media\/105"}],"wp:attachment":[{"href":"https:\/\/dimjon.net\/index.php?rest_route=%2Fwp%2Fv2%2Fmedia&parent=104"}],"curies":[{"name":"wp","href":"https:\/\/api.w.org\/{rel}","templated":true}]}}