{"id":23,"date":"2022-05-25T22:39:32","date_gmt":"2022-05-25T22:39:32","guid":{"rendered":"https:\/\/dimjon.net\/?page_id=23"},"modified":"2022-05-27T15:12:39","modified_gmt":"2022-05-27T15:12:39","slug":"junkmood","status":"publish","type":"page","link":"https:\/\/dimjon.net\/?page_id=23","title":{"rendered":"junkmood"},"content":{"rendered":"\n<p>Sie nennen sich junkmood und das ist auch ihre Botschaft:<br>Die melodramatische Mischung aus Jazz, Funk und prickelndem Perlpop l\u00e4dt dazu ein, sich auf einem samtweich schillernden Klangteppich nieder- und von der explosiven Soulstimme der Frontfrau davontragen zu lassen. Dabei reichen die Arrangements der f\u00fcnf M\u00fcnchener Musiker von klaren, druckvollen Powerbeats \u00fcber melancholisch einf\u00fchlsame Melodien bis zu \u00fcberraschenden Stilbr\u00fcchen. Bunt, fantasiereich und unverwechselbar: ganz einfach junkmoodjazzfunkpopandlistening. <\/p>\n\n\n\n<figure class=\"wp-block-image alignwide size-full\"><img loading=\"lazy\" decoding=\"async\" width=\"800\" height=\"533\" src=\"https:\/\/dimjon.net\/wp-content\/uploads\/2022\/05\/jm_junkmood_FotoCollage.jpg\" alt=\"\" class=\"wp-image-38\" srcset=\"https:\/\/dimjon.net\/wp-content\/uploads\/2022\/05\/jm_junkmood_FotoCollage.jpg 800w, https:\/\/dimjon.net\/wp-content\/uploads\/2022\/05\/jm_junkmood_FotoCollage-300x200.jpg 300w, https:\/\/dimjon.net\/wp-content\/uploads\/2022\/05\/jm_junkmood_FotoCollage-768x512.jpg 768w, https:\/\/dimjon.net\/wp-content\/uploads\/2022\/05\/jm_junkmood_FotoCollage-507x338.jpg 507w\" sizes=\"auto, (max-width: 800px) 100vw, 800px\" \/><\/figure>\n\n\n\n<p>Die facettenreichen Eigenproduktionen verschmelzen Stilelemente aus Jazz, Funk und Soul mit<br>eing\u00e4ngigen Pop-Melodien. Zusammengenommen ergeben die St\u00fccke ein schl\u00fcssiges und zuweilen \u00fcberraschendes Klangerlebnis, aktuell zu h\u00f6ren auf der neuen junkmood-CD: Universe with Corks.<\/p>\n\n\n\n<div class=\"wp-block-columns is-layout-flex wp-container-core-columns-is-layout-9d6595d7 wp-block-columns-is-layout-flex\">\n<div class=\"wp-block-column is-layout-flow wp-block-column-is-layout-flow\">\n<div class=\"wp-block-media-text\" style=\"grid-template-columns:22% auto\"><figure class=\"wp-block-media-text__media\"><img loading=\"lazy\" decoding=\"async\" width=\"123\" height=\"116\" src=\"https:\/\/dimjon.net\/wp-content\/uploads\/2022\/05\/Lisa.png\" alt=\"\" class=\"wp-image-120 size-full\"\/><\/figure><div class=\"wp-block-media-text__content\">\n<p class=\"has-medium-font-size\">Booking Contact: Lisa<\/p>\n<\/div><\/div>\n<\/div>\n\n\n\n<div class=\"wp-block-column is-layout-flow wp-block-column-is-layout-flow\"><\/div>\n<\/div>\n\n\n\n<figure class=\"wp-block-embed is-type-rich is-provider-reverbnation wp-block-embed-reverbnation wp-embed-aspect-9-16 wp-has-aspect-ratio\"><div class=\"wp-block-embed__wrapper\">\n<iframe loading=\"lazy\" title=\"Universe with Corks by junkmood\" width=\"1230\" height=\"1000\" scrolling=\"no\" frameborder=\"no\" src=\"https:\/\/www.reverbnation.com\/widget_code\/html_widget\/artist_1508664?widget_id=55&#038;pwc[song_ids]=12833862\"><\/iframe>\n<\/div><\/figure>\n","protected":false},"excerpt":{"rendered":"<p>Sie nennen sich junkmood und das ist auch ihre Botschaft:Die melodramatische Mischung aus Jazz, Funk und prickelndem Perlpop l\u00e4dt dazu ein, sich auf einem&hellip;<a href=\"https:\/\/dimjon.net\/?page_id=23\" class=\"more-link\"><span class=\"more-button\">more info<span class=\"screen-reader-text\">junkmood<\/span><\/span><\/a><\/p>\n","protected":false},"author":1,"featured_media":36,"parent":0,"menu_order":0,"comment_status":"closed","ping_status":"closed","template":"","meta":{"footnotes":""},"class_list":["post-23","page","type-page","status-publish","has-post-thumbnail","hentry"],"_links":{"self":[{"href":"https:\/\/dimjon.net\/index.php?rest_route=\/wp\/v2\/pages\/23","targetHints":{"allow":["GET"]}}],"collection":[{"href":"https:\/\/dimjon.net\/index.php?rest_route=\/wp\/v2\/pages"}],"about":[{"href":"https:\/\/dimjon.net\/index.php?rest_route=\/wp\/v2\/types\/page"}],"author":[{"embeddable":true,"href":"https:\/\/dimjon.net\/index.php?rest_route=\/wp\/v2\/users\/1"}],"replies":[{"embeddable":true,"href":"https:\/\/dimjon.net\/index.php?rest_route=%2Fwp%2Fv2%2Fcomments&post=23"}],"version-history":[{"count":6,"href":"https:\/\/dimjon.net\/index.php?rest_route=\/wp\/v2\/pages\/23\/revisions"}],"predecessor-version":[{"id":129,"href":"https:\/\/dimjon.net\/index.php?rest_route=\/wp\/v2\/pages\/23\/revisions\/129"}],"wp:featuredmedia":[{"embeddable":true,"href":"https:\/\/dimjon.net\/index.php?rest_route=\/wp\/v2\/media\/36"}],"wp:attachment":[{"href":"https:\/\/dimjon.net\/index.php?rest_route=%2Fwp%2Fv2%2Fmedia&parent=23"}],"curies":[{"name":"wp","href":"https:\/\/api.w.org\/{rel}","templated":true}]}}