{"id":27,"date":"2022-05-25T22:43:37","date_gmt":"2022-05-25T22:43:37","guid":{"rendered":"https:\/\/dimjon.net\/?page_id=27"},"modified":"2022-05-29T21:29:12","modified_gmt":"2022-05-29T21:29:12","slug":"saschmo-bibergeil","status":"publish","type":"page","link":"https:\/\/dimjon.net\/?page_id=27","title":{"rendered":"Saschmo Bibergeil Projekt"},"content":{"rendered":"\n<figure class=\"wp-block-image size-full\"><img loading=\"lazy\" decoding=\"async\" width=\"600\" height=\"600\" src=\"https:\/\/dimjon.net\/wp-content\/uploads\/2022\/05\/Saschmo_CD.png\" alt=\"\" class=\"wp-image-98\" srcset=\"https:\/\/dimjon.net\/wp-content\/uploads\/2022\/05\/Saschmo_CD.png 600w, https:\/\/dimjon.net\/wp-content\/uploads\/2022\/05\/Saschmo_CD-300x300.png 300w, https:\/\/dimjon.net\/wp-content\/uploads\/2022\/05\/Saschmo_CD-150x150.png 150w, https:\/\/dimjon.net\/wp-content\/uploads\/2022\/05\/Saschmo_CD-400x400.png 400w\" sizes=\"auto, (max-width: 600px) 100vw, 600px\" \/><\/figure>\n\n\n\n<p>H\u00e4tten Farin Urlaub von den \u00c4rzten, Selig und Element of Crime beschlossen, einen jungen Musiker f\u00fcr eine Supergroup zu engagieren, dann w\u00e4re das Saschmo Bibergeil gewesen. Doch obwohl es dazu leider nicht gekommen ist, hat der Junge seinen Meistern gut zugeh\u00f6rt \u2013 und kommt jetzt mit seinem eigenen Ding: den Blick in den Himmel der Hymnen gerichtet, schlau-poetische Texte auf den Lippen und mit den Beinen fest auf dem erdigen Blues stehend. So haut er Tracks wie &#8222;Keiner wei\u00df&#8220;, &#8222;H\u00e4tt ich doch nur&#8220; oder &#8222;Hab das alles nicht gewu\u00dft&#8220; raus. Songs, die endlich beweisen, dass junge M\u00e4nner mit Gitarre und deutschen Texten heute doch mehr r\u00fcberbringen k\u00f6nnen als &#8222;Menschen Leben Tanzen Welt&#8220;. Sitzen bleibt trotzdem keiner bei Bibergeils Beats, die schwer on top pochen wie im besten Hard Funk, veredelt von Gitarren-Licks, die auch mal jazzig-verspielt durch die schwere Blues-Atmo perlen, dabei aber so catchy sind, dass sie sich sofort festhaken \u2013 und dann noch diese leicht verlebte und doch lyrische Stimme: Statt wehleidig zu jammern singt Saschmo Bibergeil ber\u00fchrende Zeilen voll echter Gef\u00fchle und neuer Gedanken. Kalkuliert beim Zuh\u00f6rer die Emotionskn\u00f6pfe dr\u00fccken, ist ihm dabei zu billig &#8211; da rockt er lieber kr\u00e4ftig los.<\/p>\n\n\n\n<figure class=\"wp-block-embed is-type-video is-provider-youtube wp-block-embed-youtube wp-embed-aspect-16-9 wp-has-aspect-ratio\"><div class=\"wp-block-embed__wrapper\">\n<iframe loading=\"lazy\" title=\"Saschmo Bibergeil - Unter anderen Sternen\" width=\"1230\" height=\"692\" src=\"https:\/\/www.youtube.com\/embed\/EdE1QEv77VU?feature=oembed\" frameborder=\"0\" allow=\"accelerometer; autoplay; clipboard-write; encrypted-media; gyroscope; picture-in-picture\" allowfullscreen><\/iframe>\n<\/div><\/figure>\n\n\n\n<figure class=\"wp-block-embed is-type-rich is-provider-spotify wp-block-embed-spotify wp-embed-aspect-21-9 wp-has-aspect-ratio\"><div class=\"wp-block-embed__wrapper\">\n<iframe loading=\"lazy\" title=\"Spotify Embed: Saschmo Bibergeil\" style=\"border-radius: 12px\" width=\"100%\" height=\"380\" frameborder=\"0\" allowfullscreen allow=\"autoplay; clipboard-write; encrypted-media; fullscreen; picture-in-picture\" src=\"https:\/\/open.spotify.com\/embed\/artist\/1ZUiJEhAnw7yzmJqNOu2gj?utm_source=oembed\"><\/iframe>\n<\/div><\/figure>\n\n\n\n<div class=\"wp-block-columns is-layout-flex wp-container-core-columns-is-layout-9d6595d7 wp-block-columns-is-layout-flex\">\n<div class=\"wp-block-column is-layout-flow wp-block-column-is-layout-flow\">\n<div class=\"wp-block-media-text\" style=\"grid-template-columns:22% auto\"><figure class=\"wp-block-media-text__media\"><img loading=\"lazy\" decoding=\"async\" width=\"123\" height=\"116\" src=\"https:\/\/dimjon.net\/wp-content\/uploads\/2022\/05\/Dago-1.png\" alt=\"\" class=\"wp-image-143 size-full\"\/><\/figure><div class=\"wp-block-media-text__content\">\n<p class=\"has-medium-font-size\">Booking Contact: Dago<\/p>\n<\/div><\/div>\n<\/div>\n\n\n\n<div class=\"wp-block-column is-layout-flow wp-block-column-is-layout-flow\"><\/div>\n<\/div>\n","protected":false},"excerpt":{"rendered":"<p>H\u00e4tten Farin Urlaub von den \u00c4rzten, Selig und Element of Crime beschlossen, einen jungen Musiker f\u00fcr eine Supergroup zu engagieren, dann w\u00e4re das Saschmo&hellip;<a href=\"https:\/\/dimjon.net\/?page_id=27\" class=\"more-link\"><span class=\"more-button\">more info<span class=\"screen-reader-text\">Saschmo Bibergeil Projekt<\/span><\/span><\/a><\/p>\n","protected":false},"author":1,"featured_media":97,"parent":0,"menu_order":0,"comment_status":"closed","ping_status":"closed","template":"","meta":{"footnotes":""},"class_list":["post-27","page","type-page","status-publish","has-post-thumbnail","hentry"],"_links":{"self":[{"href":"https:\/\/dimjon.net\/index.php?rest_route=\/wp\/v2\/pages\/27","targetHints":{"allow":["GET"]}}],"collection":[{"href":"https:\/\/dimjon.net\/index.php?rest_route=\/wp\/v2\/pages"}],"about":[{"href":"https:\/\/dimjon.net\/index.php?rest_route=\/wp\/v2\/types\/page"}],"author":[{"embeddable":true,"href":"https:\/\/dimjon.net\/index.php?rest_route=\/wp\/v2\/users\/1"}],"replies":[{"embeddable":true,"href":"https:\/\/dimjon.net\/index.php?rest_route=%2Fwp%2Fv2%2Fcomments&post=27"}],"version-history":[{"count":5,"href":"https:\/\/dimjon.net\/index.php?rest_route=\/wp\/v2\/pages\/27\/revisions"}],"predecessor-version":[{"id":145,"href":"https:\/\/dimjon.net\/index.php?rest_route=\/wp\/v2\/pages\/27\/revisions\/145"}],"wp:featuredmedia":[{"embeddable":true,"href":"https:\/\/dimjon.net\/index.php?rest_route=\/wp\/v2\/media\/97"}],"wp:attachment":[{"href":"https:\/\/dimjon.net\/index.php?rest_route=%2Fwp%2Fv2%2Fmedia&parent=27"}],"curies":[{"name":"wp","href":"https:\/\/api.w.org\/{rel}","templated":true}]}}