{"id":41,"date":"2022-05-26T20:39:29","date_gmt":"2022-05-26T20:39:29","guid":{"rendered":"https:\/\/dimjon.net\/?page_id=41"},"modified":"2022-05-29T21:28:33","modified_gmt":"2022-05-29T21:28:33","slug":"bluescream","status":"publish","type":"page","link":"https:\/\/dimjon.net\/?page_id=41","title":{"rendered":"Bluescream"},"content":{"rendered":"\n<figure class=\"wp-block-image alignwide size-large\"><img loading=\"lazy\" decoding=\"async\" width=\"1024\" height=\"585\" src=\"https:\/\/dimjon.net\/wp-content\/uploads\/2022\/05\/Bluescream-1024x585.jpg\" alt=\"\" class=\"wp-image-42\" srcset=\"https:\/\/dimjon.net\/wp-content\/uploads\/2022\/05\/Bluescream-1024x585.jpg 1024w, https:\/\/dimjon.net\/wp-content\/uploads\/2022\/05\/Bluescream-300x172.jpg 300w, https:\/\/dimjon.net\/wp-content\/uploads\/2022\/05\/Bluescream-768x439.jpg 768w, https:\/\/dimjon.net\/wp-content\/uploads\/2022\/05\/Bluescream.jpg 1200w\" sizes=\"auto, (max-width: 1024px) 100vw, 1024px\" \/><\/figure>\n\n\n\n<p>Die Formation aus professionellen Musikern rund um die charismatische S\u00e4ngerin Sandy K., die auf langj\u00e4hrige Touren und Studio Recording Erfahrungen im Showgesch\u00e4ft zur\u00fcckblicken, wissen ihr Publikum stets mit Leichtigkeit zu begeistern.<\/p>\n\n\n\n<p>Die finest Hits des Rock und Soul von&nbsp;<em>Tina Turner<\/em>&nbsp; bis&nbsp;<em>Ray Charles<\/em>, von&nbsp;<em>Billy Idol<\/em>, \u00fcber&nbsp;<em>Queen<\/em>,&nbsp;<em>Robbie Williams<\/em> oder den&nbsp;<em>Blues Brothers <\/em>bis hin zu den modernen Beats von&nbsp;<em>Bruno Mars<\/em>, werden dabei immer auf musikalischem Top Niveau pr\u00e4sentiert.<\/p>\n\n\n\n<div class=\"wp-block-columns is-layout-flex wp-container-core-columns-is-layout-9d6595d7 wp-block-columns-is-layout-flex\">\n<div class=\"wp-block-column is-layout-flow wp-block-column-is-layout-flow\">\n<div class=\"wp-block-media-text\" style=\"grid-template-columns:22% auto\"><figure class=\"wp-block-media-text__media\"><img loading=\"lazy\" decoding=\"async\" width=\"123\" height=\"116\" src=\"https:\/\/dimjon.net\/wp-content\/uploads\/2022\/05\/Sandra.png\" alt=\"\" class=\"wp-image-140 size-full\"\/><\/figure><div class=\"wp-block-media-text__content\">\n<p class=\"has-medium-font-size\">Booking Contact: Sandra<\/p>\n<\/div><\/div>\n<\/div>\n\n\n\n<div class=\"wp-block-column is-layout-flow wp-block-column-is-layout-flow\"><\/div>\n<\/div>\n","protected":false},"excerpt":{"rendered":"<p>Die Formation aus professionellen Musikern rund um die charismatische S\u00e4ngerin Sandy K., die auf langj\u00e4hrige Touren und Studio Recording Erfahrungen im Showgesch\u00e4ft zur\u00fcckblicken, wissen&hellip;<a href=\"https:\/\/dimjon.net\/?page_id=41\" class=\"more-link\"><span class=\"more-button\">more info<span class=\"screen-reader-text\">Bluescream<\/span><\/span><\/a><\/p>\n","protected":false},"author":1,"featured_media":42,"parent":0,"menu_order":0,"comment_status":"closed","ping_status":"closed","template":"","meta":{"footnotes":""},"class_list":["post-41","page","type-page","status-publish","has-post-thumbnail","hentry"],"_links":{"self":[{"href":"https:\/\/dimjon.net\/index.php?rest_route=\/wp\/v2\/pages\/41","targetHints":{"allow":["GET"]}}],"collection":[{"href":"https:\/\/dimjon.net\/index.php?rest_route=\/wp\/v2\/pages"}],"about":[{"href":"https:\/\/dimjon.net\/index.php?rest_route=\/wp\/v2\/types\/page"}],"author":[{"embeddable":true,"href":"https:\/\/dimjon.net\/index.php?rest_route=\/wp\/v2\/users\/1"}],"replies":[{"embeddable":true,"href":"https:\/\/dimjon.net\/index.php?rest_route=%2Fwp%2Fv2%2Fcomments&post=41"}],"version-history":[{"count":5,"href":"https:\/\/dimjon.net\/index.php?rest_route=\/wp\/v2\/pages\/41\/revisions"}],"predecessor-version":[{"id":142,"href":"https:\/\/dimjon.net\/index.php?rest_route=\/wp\/v2\/pages\/41\/revisions\/142"}],"wp:featuredmedia":[{"embeddable":true,"href":"https:\/\/dimjon.net\/index.php?rest_route=\/wp\/v2\/media\/42"}],"wp:attachment":[{"href":"https:\/\/dimjon.net\/index.php?rest_route=%2Fwp%2Fv2%2Fmedia&parent=41"}],"curies":[{"name":"wp","href":"https:\/\/api.w.org\/{rel}","templated":true}]}}